{"id":35,"date":"2024-11-29T18:39:36","date_gmt":"2024-11-29T18:39:36","guid":{"rendered":"https:\/\/impprocedisadm.com.mx\/?page_id=35"},"modified":"2024-11-30T00:02:00","modified_gmt":"2024-11-30T00:02:00","slug":"servicios","status":"publish","type":"page","link":"https:\/\/impprocedisadm.com.mx\/index.php\/servicios\/","title":{"rendered":"Servicios"},"content":{"rendered":"\n<div class=\"wp-block-stackable-columns alignfull stk-block-columns stk-block stk-8c9c1af stk-block-background\" data-block-id=\"8c9c1af\"><style>.stk-8c9c1af {background-color:#d8eaaa !important;padding-top:80px !important;padding-bottom:80px !important;}.stk-8c9c1af:before{background-color:#d8eaaa !important;}<\/style><div class=\"stk-row stk-inner-blocks stk-block-content stk-content-align stk-8c9c1af-column\">\n<div class=\"wp-block-stackable-column stk-block-column stk-column stk-block stk-021f1a4\" data-v=\"4\" data-block-id=\"021f1a4\"><div class=\"stk-column-wrapper stk-block-column__content stk-container stk-021f1a4-container stk--no-background stk--no-padding\"><div class=\"stk-block-content stk-inner-blocks stk-021f1a4-inner-blocks\">\n<div class=\"wp-block-stackable-heading stk-block-heading stk-block-heading--v2 stk-block stk-59db3a7\" id=\"servicios\" data-block-id=\"59db3a7\"><h2 class=\"stk-block-heading__text has-text-align-center\">Servicios<\/h2><\/div>\n\n\n\n<p><strong>Hay una cantidad incre\u00edble de tareas administrativas que se requieren para mantener un negocio en movimiento y mantenerse al d\u00eda con estas tareas puede ser abrumador. Esta es una de las principales razones por las que las empresas delegan tareas administrativas clave de su negocio. Cuando trabaja con un proveedor de servicios de administraci\u00f3n de empresas, puede concentrarse en otros aspectos importantes de la gesti\u00f3n de su negocio.<\/strong><\/p>\n\n\n\n<div class=\"wp-block-stackable-columns stk-block-columns stk-block stk-cda51d0\" data-block-id=\"cda51d0\"><style>@media screen and (max-width:999px){.stk-cda51d0-column{row-gap:48px !important;}}<\/style><div class=\"stk-row stk-inner-blocks stk-block-content stk-content-align stk-cda51d0-column\">\n<div class=\"wp-block-stackable-column stk-block-column stk-column stk-block stk-4e971d5\" data-v=\"4\" data-block-id=\"4e971d5\"><style>.stk-4e971d5-inner-blocks{justify-content:center !important;}.stk-4e971d5-container{display:flex !important;}@media screen and (min-width:690px){.stk-4e971d5 {flex:var(--stk-flex-grow, 1) 1 25% !important;}}@media screen and (min-width:690px) and (max-width:999px){.stk-4e971d5 {flex:var(--stk-flex-grow, 1) 1 calc(100% - var(--stk-column-gap, 0px) * 0 \/ 1 ) !important;}}<\/style><div class=\"stk-column-wrapper stk-block-column__content stk-container stk-4e971d5-container stk--no-background stk--no-padding\"><div class=\"stk-block-content stk-inner-blocks stk-4e971d5-inner-blocks\">\n<div class=\"wp-block-stackable-icon-box stk-block-icon-box stk-block stk-d1b5b8d\" data-v=\"2\" data-block-id=\"d1b5b8d\"><div class=\"stk-block-content stk-inner-blocks stk-block-icon-box__content stk-container stk-d1b5b8d-container stk--no-background stk--no-padding\">\n<div class=\"wp-block-stackable-icon-label stk-block-icon-label stk-block stk-7ed0596\" data-block-id=\"7ed0596\"><div class=\"stk-row stk-inner-blocks stk-block-content\">\n<div class=\"wp-block-stackable-icon stk-block-icon has-text-align-left stk-block stk-0a336e8\" data-block-id=\"0a336e8\"><span class=\"stk--svg-wrapper\"><div class=\"stk--inner-svg\"><svg style=\"height:0;width:0\"><defs><linearGradient id=\"linear-gradient-0a336e8\" x1=\"0\" x2=\"100%\" y1=\"0\" y2=\"0\"><stop offset=\"0%\" style=\"stop-opacity:1;stop-color:var(--linear-gradient-0-a-336-e-8-color-1)\"><\/stop><stop offset=\"100%\" style=\"stop-opacity:1;stop-color:var(--linear-gradient-0-a-336-e-8-color-2)\"><\/stop><\/linearGradient><\/defs><\/svg><svg data-prefix=\"fa\" data-icon=\"star\" class=\"svg-inline--fa fa-star fa-w-18\" xmlns=\"http:\/\/www.w3.org\/2000\/svg\" viewBox=\"0 0 576 512\" aria-hidden=\"true\" width=\"32\" height=\"32\"><path fill=\"currentColor\" d=\"M259.3 17.8L194 150.2 47.9 171.5c-26.2 3.8-36.7 36.1-17.7 54.6l105.7 103-25 145.5c-4.5 26.3 23.2 46 46.4 33.7L288 439.6l130.7 68.7c23.2 12.2 50.9-7.4 46.4-33.7l-25-145.5 105.7-103c19-18.5 8.5-50.8-17.7-54.6L382 150.2 316.7 17.8c-11.7-23.6-45.6-23.9-57.4 0z\"><\/path><\/svg><\/div><\/span><\/div>\n\n\n\n<div class=\"wp-block-stackable-heading stk-block-heading stk-block-heading--v2 stk-block stk-f4ee7e4\" id=\"eficiencia\" data-block-id=\"f4ee7e4\"><h4 class=\"stk-block-heading__text\">Eficiencia<\/h4><\/div>\n<\/div><\/div>\n\n\n\n<p><strong>Al contratar servicios administrativos, tendr\u00e1s acceso a un equipo de profesionales expertos en su campo. Esto significa que podr\u00e1n completar tareas de manera r\u00e1pida, eficiente y sin reprocesos.<\/strong><\/p>\n<\/div><\/div>\n\n\n\n<div class=\"wp-block-stackable-icon-box stk-block-icon-box stk-block stk-f54cd8c\" data-v=\"2\" data-block-id=\"f54cd8c\"><div class=\"stk-block-content stk-inner-blocks stk-block-icon-box__content stk-container stk-f54cd8c-container stk--no-background stk--no-padding\">\n<div class=\"wp-block-stackable-icon-label stk-block-icon-label stk-block stk-15782c5\" data-block-id=\"15782c5\"><div class=\"stk-row stk-inner-blocks stk-block-content\">\n<div class=\"wp-block-stackable-icon stk-block-icon has-text-align-left stk-block stk-8fe1659\" data-block-id=\"8fe1659\"><span class=\"stk--svg-wrapper\"><div class=\"stk--inner-svg\"><svg style=\"height:0;width:0\"><defs><linearGradient id=\"linear-gradient-8fe1659\" x1=\"0\" x2=\"100%\" y1=\"0\" y2=\"0\"><stop offset=\"0%\" style=\"stop-opacity:1;stop-color:var(--linear-gradient-8-fe-1659-color-1)\"><\/stop><stop offset=\"100%\" style=\"stop-opacity:1;stop-color:var(--linear-gradient-8-fe-1659-color-2)\"><\/stop><\/linearGradient><\/defs><\/svg><svg data-prefix=\"fa\" data-icon=\"star\" class=\"svg-inline--fa fa-star fa-w-18\" xmlns=\"http:\/\/www.w3.org\/2000\/svg\" viewBox=\"0 0 576 512\" aria-hidden=\"true\" width=\"32\" height=\"32\"><path fill=\"currentColor\" d=\"M259.3 17.8L194 150.2 47.9 171.5c-26.2 3.8-36.7 36.1-17.7 54.6l105.7 103-25 145.5c-4.5 26.3 23.2 46 46.4 33.7L288 439.6l130.7 68.7c23.2 12.2 50.9-7.4 46.4-33.7l-25-145.5 105.7-103c19-18.5 8.5-50.8-17.7-54.6L382 150.2 316.7 17.8c-11.7-23.6-45.6-23.9-57.4 0z\"><\/path><\/svg><\/div><\/span><\/div>\n\n\n\n<div class=\"wp-block-stackable-heading stk-block-heading stk-block-heading--v2 stk-block stk-14f6438\" id=\"costos\" data-block-id=\"14f6438\"><h4 class=\"stk-block-heading__text\">Costos<\/h4><\/div>\n<\/div><\/div>\n\n\n\n<p><strong>Tercerizar las tareas administrativas de su empresa puede ahorrarle dinero. No tendr\u00e1 que contratar personal adicional para manejar estas tareas y no tendr\u00e1 que pagar por capacitaci\u00f3n o espacio de oficina.<\/strong><\/p>\n<\/div><\/div>\n\n\n\n<div class=\"wp-block-stackable-icon-box stk-block-icon-box stk-block stk-943ec80\" data-v=\"2\" data-block-id=\"943ec80\"><div class=\"stk-block-content stk-inner-blocks stk-block-icon-box__content stk-container stk-943ec80-container stk--no-background stk--no-padding\">\n<div class=\"wp-block-stackable-icon-label stk-block-icon-label stk-block stk-2a7b3e0\" data-block-id=\"2a7b3e0\"><div class=\"stk-row stk-inner-blocks stk-block-content\">\n<div class=\"wp-block-stackable-icon stk-block-icon has-text-align-left stk-block stk-573f97c\" data-block-id=\"573f97c\"><span class=\"stk--svg-wrapper\"><div class=\"stk--inner-svg\"><svg style=\"height:0;width:0\"><defs><linearGradient id=\"linear-gradient-573f97c\" x1=\"0\" x2=\"100%\" y1=\"0\" y2=\"0\"><stop offset=\"0%\" style=\"stop-opacity:1;stop-color:var(--linear-gradient-573-f-97-c-color-1)\"><\/stop><stop offset=\"100%\" style=\"stop-opacity:1;stop-color:var(--linear-gradient-573-f-97-c-color-2)\"><\/stop><\/linearGradient><\/defs><\/svg><svg data-prefix=\"fa\" data-icon=\"star\" class=\"svg-inline--fa fa-star fa-w-18\" xmlns=\"http:\/\/www.w3.org\/2000\/svg\" viewBox=\"0 0 576 512\" aria-hidden=\"true\" width=\"32\" height=\"32\"><path fill=\"currentColor\" d=\"M259.3 17.8L194 150.2 47.9 171.5c-26.2 3.8-36.7 36.1-17.7 54.6l105.7 103-25 145.5c-4.5 26.3 23.2 46 46.4 33.7L288 439.6l130.7 68.7c23.2 12.2 50.9-7.4 46.4-33.7l-25-145.5 105.7-103c19-18.5 8.5-50.8-17.7-54.6L382 150.2 316.7 17.8c-11.7-23.6-45.6-23.9-57.4 0z\"><\/path><\/svg><\/div><\/span><\/div>\n\n\n\n<div class=\"wp-block-stackable-heading stk-block-heading stk-block-heading--v2 stk-block stk-86b15eb\" id=\"strong-flexibilidad-y-escalabilidad-strong\" data-block-id=\"86b15eb\"><h4 class=\"stk-block-heading__text\"><strong>Flexibilidad y Escalabilidad<\/strong><\/h4><\/div>\n<\/div><\/div>\n\n\n\n<p>Cuando contrate servicios administrativos, tendr\u00e1 la flexibilidad de escalar hacia arriba o hacia abajo seg\u00fan sea necesario. Esto significa que puede ajustar la cantidad de soporte que necesita en funci\u00f3n de las demandas de su negocio.<\/p>\n<\/div><\/div>\n<\/div><\/div><\/div>\n\n\n\n<div class=\"wp-block-stackable-column stk-block-column stk-column stk-block stk-207d8a8\" data-v=\"4\" data-block-id=\"207d8a8\"><style>.stk-207d8a8-inner-blocks{justify-content:center !important;}.stk-207d8a8-container{display:flex !important;}@media screen and (min-width:690px){.stk-207d8a8 {flex:var(--stk-flex-grow, 1) 1 50% !important;}}@media screen and (min-width:690px) and (max-width:999px){.stk-207d8a8 {flex:var(--stk-flex-grow, 1) 1 calc(100% - var(--stk-column-gap, 0px) * 0 \/ 1 ) !important;}}<\/style><div class=\"stk-column-wrapper stk-block-column__content stk-container stk-207d8a8-container stk--no-background stk--no-padding\"><div class=\"stk-block-content stk-inner-blocks stk-207d8a8-inner-blocks\">\n<figure class=\"wp-block-image size-full\"><img loading=\"lazy\" decoding=\"async\" width=\"960\" height=\"677\" src=\"https:\/\/impprocedisadm.com.mx\/wp-content\/uploads\/2024\/11\/1536611981769-1.jpg\" alt=\"\" class=\"wp-image-85\" srcset=\"https:\/\/impprocedisadm.com.mx\/wp-content\/uploads\/2024\/11\/1536611981769-1.jpg 960w, https:\/\/impprocedisadm.com.mx\/wp-content\/uploads\/2024\/11\/1536611981769-1-300x212.jpg 300w, https:\/\/impprocedisadm.com.mx\/wp-content\/uploads\/2024\/11\/1536611981769-1-768x542.jpg 768w\" sizes=\"auto, (max-width: 960px) 100vw, 960px\" \/><\/figure>\n<\/div><\/div><\/div>\n\n\n\n<div class=\"wp-block-stackable-column stk-block-column stk-column stk-block stk-bd71276\" data-v=\"4\" data-block-id=\"bd71276\"><style>.stk-bd71276-inner-blocks{justify-content:center !important;}.stk-bd71276-container{display:flex !important;}@media screen and (min-width:690px){.stk-bd71276 {flex:var(--stk-flex-grow, 1) 1 25% !important;}}@media screen and (min-width:690px) and (max-width:999px){.stk-bd71276 {flex:var(--stk-flex-grow, 1) 1 calc(100% - var(--stk-column-gap, 0px) * 0 \/ 1 ) !important;}}<\/style><div class=\"stk-column-wrapper stk-block-column__content stk-container stk-bd71276-container stk--no-background stk--no-padding\"><div class=\"stk-block-content stk-inner-blocks stk-bd71276-inner-blocks\">\n<div class=\"wp-block-stackable-icon-box stk-block-icon-box stk-block stk-c9d3468\" data-v=\"2\" data-block-id=\"c9d3468\"><div class=\"stk-block-content stk-inner-blocks stk-block-icon-box__content stk-container stk-c9d3468-container stk--no-background stk--no-padding\">\n<div class=\"wp-block-stackable-icon-label stk-block-icon-label stk-block stk-2c02a9f\" data-block-id=\"2c02a9f\"><div class=\"stk-row stk-inner-blocks stk-block-content\">\n<div class=\"wp-block-stackable-icon stk-block-icon has-text-align-left stk-block stk-42ba1d5\" data-block-id=\"42ba1d5\"><span class=\"stk--svg-wrapper\"><div class=\"stk--inner-svg\"><svg style=\"height:0;width:0\"><defs><linearGradient id=\"linear-gradient-42ba1d5\" x1=\"0\" x2=\"100%\" y1=\"0\" y2=\"0\"><stop offset=\"0%\" style=\"stop-opacity:1;stop-color:var(--linear-gradient-42-ba-1-d-5-color-1)\"><\/stop><stop offset=\"100%\" style=\"stop-opacity:1;stop-color:var(--linear-gradient-42-ba-1-d-5-color-2)\"><\/stop><\/linearGradient><\/defs><\/svg><svg data-prefix=\"fa\" data-icon=\"star\" class=\"svg-inline--fa fa-star fa-w-18\" xmlns=\"http:\/\/www.w3.org\/2000\/svg\" viewBox=\"0 0 576 512\" aria-hidden=\"true\" width=\"32\" height=\"32\"><path fill=\"currentColor\" d=\"M259.3 17.8L194 150.2 47.9 171.5c-26.2 3.8-36.7 36.1-17.7 54.6l105.7 103-25 145.5c-4.5 26.3 23.2 46 46.4 33.7L288 439.6l130.7 68.7c23.2 12.2 50.9-7.4 46.4-33.7l-25-145.5 105.7-103c19-18.5 8.5-50.8-17.7-54.6L382 150.2 316.7 17.8c-11.7-23.6-45.6-23.9-57.4 0z\"><\/path><\/svg><\/div><\/span><\/div>\n\n\n\n<div class=\"wp-block-stackable-heading stk-block-heading stk-block-heading--v2 stk-block stk-d4be9b2\" id=\"strong-mayor-productividad-strong\" data-block-id=\"d4be9b2\"><h4 class=\"stk-block-heading__text\"><strong>Mayor productividad<\/strong><\/h4><\/div>\n<\/div><\/div>\n\n\n\n<p><strong>Al tercerizar tus tareas administrativas, podr\u00e1s centrarte en otras \u00e1reas de tu negocio. Esto puede conducir a una mayor productividad y rentabilidad.<\/strong><\/p>\n<\/div><\/div>\n\n\n\n<div class=\"wp-block-stackable-icon-box stk-block-icon-box stk-block stk-5a1c909\" data-v=\"2\" data-block-id=\"5a1c909\"><div class=\"stk-block-content stk-inner-blocks stk-block-icon-box__content stk-container stk-5a1c909-container stk--no-background stk--no-padding\">\n<div class=\"wp-block-stackable-icon-label stk-block-icon-label stk-block stk-412c58b\" data-block-id=\"412c58b\"><div class=\"stk-row stk-inner-blocks stk-block-content\">\n<div class=\"wp-block-stackable-icon stk-block-icon has-text-align-left stk-block stk-374912a\" data-block-id=\"374912a\"><span class=\"stk--svg-wrapper\"><div class=\"stk--inner-svg\"><svg style=\"height:0;width:0\"><defs><linearGradient id=\"linear-gradient-374912a\" x1=\"0\" x2=\"100%\" y1=\"0\" y2=\"0\"><stop offset=\"0%\" style=\"stop-opacity:1;stop-color:var(--linear-gradient-374912-a-color-1)\"><\/stop><stop offset=\"100%\" style=\"stop-opacity:1;stop-color:var(--linear-gradient-374912-a-color-2)\"><\/stop><\/linearGradient><\/defs><\/svg><svg data-prefix=\"fa\" data-icon=\"star\" class=\"svg-inline--fa fa-star fa-w-18\" xmlns=\"http:\/\/www.w3.org\/2000\/svg\" viewBox=\"0 0 576 512\" aria-hidden=\"true\" width=\"32\" height=\"32\"><path fill=\"currentColor\" d=\"M259.3 17.8L194 150.2 47.9 171.5c-26.2 3.8-36.7 36.1-17.7 54.6l105.7 103-25 145.5c-4.5 26.3 23.2 46 46.4 33.7L288 439.6l130.7 68.7c23.2 12.2 50.9-7.4 46.4-33.7l-25-145.5 105.7-103c19-18.5 8.5-50.8-17.7-54.6L382 150.2 316.7 17.8c-11.7-23.6-45.6-23.9-57.4 0z\"><\/path><\/svg><\/div><\/span><\/div>\n\n\n\n<div class=\"wp-block-stackable-heading stk-block-heading stk-block-heading--v2 stk-block stk-c969acf\" id=\"delegar-tareas-administrativas\" data-block-id=\"c969acf\"><h4 class=\"stk-block-heading__text\">Delegar Tareas Administrativas<\/h4><\/div>\n<\/div><\/div>\n\n\n\n<p><strong>empresa puede ser una excelente manera de mejorar la eficiencia y la productividad. Si est\u00e1 buscando una manera de ahorrar tiempo y dinero, busque un proveedor de servicios de administraci\u00f3n de empresas hoy.<\/strong><\/p>\n<\/div><\/div>\n\n\n\n<div class=\"wp-block-stackable-icon-box stk-block-icon-box stk-block stk-2a21588\" data-v=\"2\" data-block-id=\"2a21588\"><div class=\"stk-block-content stk-inner-blocks stk-block-icon-box__content stk-container stk-2a21588-container stk--no-background stk--no-padding\">\n<div class=\"wp-block-stackable-icon-label stk-block-icon-label stk-block stk-fcf5da3\" data-block-id=\"fcf5da3\"><div class=\"stk-row stk-inner-blocks stk-block-content\">\n<div class=\"wp-block-stackable-icon stk-block-icon has-text-align-left stk-block stk-e2b3d16\" data-block-id=\"e2b3d16\"><span class=\"stk--svg-wrapper\"><div class=\"stk--inner-svg\"><svg style=\"height:0;width:0\"><defs><linearGradient id=\"linear-gradient-e2b3d16\" x1=\"0\" x2=\"100%\" y1=\"0\" y2=\"0\"><stop offset=\"0%\" style=\"stop-opacity:1;stop-color:var(--linear-gradient-e-2-b-3-d-16-color-1)\"><\/stop><stop offset=\"100%\" style=\"stop-opacity:1;stop-color:var(--linear-gradient-e-2-b-3-d-16-color-2)\"><\/stop><\/linearGradient><\/defs><\/svg><svg data-prefix=\"fa\" data-icon=\"star\" class=\"svg-inline--fa fa-star fa-w-18\" xmlns=\"http:\/\/www.w3.org\/2000\/svg\" viewBox=\"0 0 576 512\" aria-hidden=\"true\" width=\"32\" height=\"32\"><path fill=\"currentColor\" d=\"M259.3 17.8L194 150.2 47.9 171.5c-26.2 3.8-36.7 36.1-17.7 54.6l105.7 103-25 145.5c-4.5 26.3 23.2 46 46.4 33.7L288 439.6l130.7 68.7c23.2 12.2 50.9-7.4 46.4-33.7l-25-145.5 105.7-103c19-18.5 8.5-50.8-17.7-54.6L382 150.2 316.7 17.8c-11.7-23.6-45.6-23.9-57.4 0z\"><\/path><\/svg><\/div><\/span><\/div>\n\n\n\n<div class=\"wp-block-stackable-heading stk-block-heading stk-block-heading--v2 stk-block stk-9df98b3\" data-block-id=\"9df98b3\"><h4 class=\"stk-block-heading__text\"><\/h4><\/div>\n<\/div><\/div>\n\n\n\n<div class=\"wp-block-stackable-text stk-block-text stk-block stk-a2d05ac\" data-block-id=\"a2d05ac\"><p class=\"stk-block-text__text\"><\/p><\/div>\n<\/div><\/div>\n<\/div><\/div><\/div>\n<\/div><\/div>\n<\/div><\/div><\/div>\n<\/div><\/div>\n\n\n\n<p><\/p>\n","protected":false},"excerpt":{"rendered":"<p>Servicios Hay una cantidad incre\u00edble de tareas administrativas que se requieren para mantener un negocio en movimiento y mantenerse al d\u00eda con estas tareas puede ser abrumador. Esta es una de las principales razones por las que las empresas delegan tareas administrativas clave de su negocio. Cuando trabaja con un proveedor de servicios de administraci\u00f3n [&hellip;]<\/p>\n","protected":false},"author":1,"featured_media":0,"parent":0,"menu_order":0,"comment_status":"closed","ping_status":"closed","template":"","meta":{"footnotes":""},"class_list":["post-35","page","type-page","status-publish","hentry"],"blocksy_meta":{"has_hero_section":"disabled","styles_descriptor":{"styles":{"desktop":"","tablet":"","mobile":""},"google_fonts":[],"version":6}},"_links":{"self":[{"href":"https:\/\/impprocedisadm.com.mx\/index.php\/wp-json\/wp\/v2\/pages\/35","targetHints":{"allow":["GET"]}}],"collection":[{"href":"https:\/\/impprocedisadm.com.mx\/index.php\/wp-json\/wp\/v2\/pages"}],"about":[{"href":"https:\/\/impprocedisadm.com.mx\/index.php\/wp-json\/wp\/v2\/types\/page"}],"author":[{"embeddable":true,"href":"https:\/\/impprocedisadm.com.mx\/index.php\/wp-json\/wp\/v2\/users\/1"}],"replies":[{"embeddable":true,"href":"https:\/\/impprocedisadm.com.mx\/index.php\/wp-json\/wp\/v2\/comments?post=35"}],"version-history":[{"count":4,"href":"https:\/\/impprocedisadm.com.mx\/index.php\/wp-json\/wp\/v2\/pages\/35\/revisions"}],"predecessor-version":[{"id":88,"href":"https:\/\/impprocedisadm.com.mx\/index.php\/wp-json\/wp\/v2\/pages\/35\/revisions\/88"}],"wp:attachment":[{"href":"https:\/\/impprocedisadm.com.mx\/index.php\/wp-json\/wp\/v2\/media?parent=35"}],"curies":[{"name":"wp","href":"https:\/\/api.w.org\/{rel}","templated":true}]}}